{"id":11130,"date":"2024-10-07T15:10:34","date_gmt":"2024-10-07T13:10:34","guid":{"rendered":"https:\/\/www.onlinedoctor.ch\/?page_id=11130"},"modified":"2026-01-12T09:18:22","modified_gmt":"2026-01-12T08:18:22","slug":"tell-us","status":"publish","type":"page","link":"https:\/\/www.onlinedoctor.ch\/fr\/tell-us\/","title":{"rendered":"Tell us"},"content":{"rendered":"<section class=\"l-section wpb_row height_medium color_alternate\"><div class=\"l-section-h i-cf\"><div class=\"g-cols vc_row via_flex valign_top type_default stacking_default\"><div class=\"vc_col-sm-6 wpb_column vc_column_container\"><div class=\"vc_column-inner\"><div class=\"wpb_wrapper\">[vc_custom_heading text=&#8221;Tell us&#8221; font_container=&#8221;tag:h2|text_align:left|color:%23111111&#8243; use_theme_fonts=&#8221;yes&#8221;]<div class=\"wpb_text_column\"><div class=\"wpb_wrapper\"><p>Syst\u00e8me de d\u00e9nonciation des violations de la conformit\u00e9<\/p>\n<\/div><\/div><\/div><\/div><\/div><div class=\"vc_col-sm-6 wpb_column vc_column_container\"><div class=\"vc_column-inner\"><div class=\"wpb_wrapper\"><\/div><\/div><\/div><\/div><\/div><\/section><section class=\"l-section wpb_row height_medium\"><div class=\"l-section-h i-cf\"><div class=\"g-cols vc_row via_flex valign_top type_default stacking_default\"><div class=\"vc_col-sm-12 wpb_column vc_column_container\"><div class=\"vc_column-inner\"><div class=\"wpb_wrapper\"><div class=\"wpb_text_column\"><div class=\"wpb_wrapper\"><p>OnlineDoctor AG s&#8217;engage en tant qu&#8217;entreprise \u00e0 respecter les lois en vigueur et les r\u00e8glements internes. Ce n&#8217;est qu&#8217;en respectant les r\u00e8gles, les normes et les lois que nous pouvons \u00e9viter de nuire \u00e0 notre entreprise et r\u00e9ussir durablement. Le respect des lois et des r\u00e8gles rev\u00eat donc une grande importance. Les comportements fautifs doivent \u00eatre d\u00e9tect\u00e9s \u00e0 temps.<\/p>\n<p>Pour ce faire, nous avons mis en place notre syst\u00e8me d&#8217;alerte, qui permet aux collaborateurs et aux personnes externes de signaler les infractions aux r\u00e8gles. En tant que d\u00e9nonciateur, vous avez la possibilit\u00e9 de nous faire part de votre signalement, soit en mentionnant votre nom, soit de mani\u00e8re anonyme.<\/p>\n<p>Nos responsables de la conformit\u00e9 :<br \/>\nNils Scherer<br \/>\n15, rue de l&#8217;Orphelinat<br \/>\n9000 St. Gallen<\/p>\n<\/div><\/div><div class=\"g-cols wpb_row us_custom_88028956 via_flex valign_top type_default stacking_default\"><div class=\"vc_col-sm-12 wpb_column vc_column_container\"><div class=\"vc_column-inner\"><div class=\"wpb_wrapper\"><div class=\"wpb_text_column\"><div class=\"wpb_wrapper\"><p><strong>Pour les demandes d&#8217;assistance<\/strong><\/p>\n<p>Veuillez noter que le formulaire de signalement des violations de conformit\u00e9 ne permet pas de vous r\u00e9pondre personnellement si vous ne fournissez pas vos coordonn\u00e9es. Si vous souhaitez obtenir une r\u00e9ponse \u00e0 votre demande, veuillez contacter directement notre service d&#8217;assistance : <a href=\"mailto:support@onlinedoctor.ch\">support@onlinedoctor.ch<\/a><br \/>\nVous pouvez \u00e9galement utiliser le widget d&#8217;assistance situ\u00e9 en bas \u00e0 droite de notre site web pour nous contacter directement.<\/p>\n<\/div><\/div><\/div><\/div><\/div><\/div><div class=\"w-separator size_small\"><\/div><div class=\"g-cols wpb_row us_custom_e23103e6 via_flex valign_top type_default stacking_default\"><div class=\"vc_col-sm-12 wpb_column vc_column_container\"><div class=\"vc_column-inner\"><div class=\"wpb_wrapper\"><div class=\"w-separator size_small\"><\/div>[vc_custom_heading text=&#8221;Formulaire d&#8217;inscription&#8221; use_theme_fonts=&#8221;yes&#8221;]<div class=\"wpb_text_column\"><div class=\"wpb_wrapper\"><p>Vos coordonn\u00e9es si vous renoncez \u00e0 l&#8217;anonymat<\/p>\n<\/div><\/div><form class=\"w-form  us-field-style_1 layout_ver show_message_after_sending for_cform us_form_1\" action=\"https:\/\/www.onlinedoctor.ch\/fr\/wp-json\/wp\/v2\/pages\/11130\" method=\"post\"><div class=\"w-form-h\"><div class=\"w-form-row for_textarea\">\r\n\t\t<div class=\"w-form-row-field\">\r\n\t\t\t\t\t\t<textarea aria-label=\"Name\" name=\"us_form_1_textarea_1\" placeholder=\"Name\"><\/textarea>\r\n\t\t\t<\/div>\r\n\t\t<div class=\"w-form-row-state\">Vous devez remplir ce champ<\/div>\r\n<\/div>\r\n<div class=\"w-form-row for_text has_label required\">\r\n\t\t\t<div class=\"w-form-row-label\">\r\n\t\t\t<span>En quoi consiste, selon vous, l'infraction ? *<\/span>\r\n\t\t<\/div>\r\n\t\t<div class=\"w-form-row-field\">\r\n\t\t\t\t\t\t<input aria-label=\"En quoi consiste, selon vous, l&#039;infraction ?\" type=\"text\" name=\"us_form_1_text_1\" value placeholder=\"p. ex. vol, corruption, harc\u00e8lement sexuel, discrimination (p. ex. en raison du sexe), infractions \u00e0 la l\u00e9gislation sur les dispositifs m\u00e9dicaux) \" data-required=\"true\" aria-required=\"true\"\/>\r\n\t\t\t<\/div>\r\n\t\t<div class=\"w-form-row-state\">Vous devez remplir ce champ<\/div>\r\n<\/div>\r\n<div class=\"w-form-row for_date has_label\">\r\n\t\t\t<div class=\"w-form-row-label\">\r\n\t\t\t<span>Quand l'infraction a-t-elle eu lieu ?<\/span>\r\n\t\t<\/div>\r\n\t\t<div class=\"w-form-row-field\">\r\n\t\t\t\t\t\t<input type=\"text\" name=\"us_form_1_date_1\" value inputmode=\"none\" data-date-format=\"d MM yy\" aria-label=\"Quand l&#039;infraction a-t-elle eu lieu ?\" placeholder=\"jj\/mm\/ss\"\/>\r\n\t\t\t<\/div>\r\n\t\t<div class=\"w-form-row-state\">Vous devez remplir ce champ<\/div>\r\n<\/div>\r\n<div class=\"w-form-row for_text has_label required\">\r\n\t\t\t<div class=\"w-form-row-label\">\r\n\t\t\t<span>Qui \u00e9tait impliqu\u00e9 ? *<\/span>\r\n\t\t<\/div>\r\n\t\t<div class=\"w-form-row-field\">\r\n\t\t\t\t\t\t<input aria-label=\"Qui \u00e9tait impliqu\u00e9 ?\" type=\"text\" name=\"us_form_1_text_2\" value placeholder data-required=\"true\" aria-required=\"true\"\/>\r\n\t\t\t<\/div>\r\n\t\t<div class=\"w-form-row-state\">Vous devez remplir ce champ<\/div>\r\n<\/div>\r\n<div class=\"w-form-row for_textarea has_label required\">\r\n\t\t\t<div class=\"w-form-row-label\">\r\n\t\t\t<span>Que s'est-il pass\u00e9 ? *<\/span>\r\n\t\t<\/div>\r\n\t\t<div class=\"w-form-row-field\">\r\n\t\t\t\t\t\t<textarea aria-label=\"Que s&#039;est-il pass\u00e9 ?\" name=\"us_form_1_textarea_2\" placeholder=\"Veuillez d\u00e9crire l&#039;infraction.\" data-required=\"true\" aria-required=\"true\"><\/textarea>\r\n\t\t\t<\/div>\r\n\t\t<div class=\"w-form-row-state\">Vous devez remplir ce champ<\/div>\r\n<\/div>\r\n<div class=\"w-form-row for_checkboxes required\">\r\n\t\t<div class=\"w-form-row-field\">\r\n\t\t\t\t\t<label>\r\n\t\t\t\t<input type=\"checkbox\" name=\"us_form_1_checkboxes_1[]\" data-required=\"true\" value=\"Je souhaite signaler une violation de la conformit\u00e9. Je consens au traitement des donn\u00e9es \u00e0 cette fin*.\"\/>\r\n\t\t\t\t<span>Je souhaite signaler une violation de la conformit\u00e9. Je consens au traitement des donn\u00e9es \u00e0 cette fin*.<\/span>\r\n\t\t\t<\/label>\r\n\t\t\t\t<\/div>\r\n\t\t<div class=\"w-form-row-state\">S\u00e9lectionner une option<\/div>\r\n<\/div>\r\n<input type=\"hidden\" name=\"action\" value=\"us_ajax_cform\" \/>\r\n<input type=\"hidden\" name=\"post_id\" value=\"0\" \/>\r\n<input type=\"hidden\" name=\"form_index\" value=\"1\" \/>\r\n<div class=\"w-form-row for_submit align_none\"><button class=\"w-btn us-btn-style_1\" type=\"submit\" aria-label=\"Envoyer\"><span class=\"g-preloader type_1\"><\/span><span class=\"w-btn-label\">Envoyer<\/span><\/button><\/div><\/div><div class=\"w-form-message\"><\/div><div class=\"w-form-json hidden\" onclick='return {&quot;ajaxurl&quot;:&quot;https:\\\/\\\/www.onlinedoctor.ch\\\/wp-admin\\\/admin-ajax.php&quot;,&quot;messages&quot;:{&quot;err_empty&quot;:&quot;Vous devez remplir ce champ&quot;,&quot;err_size&quot;:&quot;La taille du fichier ne peut pas d\\u00e9passer %s Mo&quot;,&quot;err_extension&quot;:&quot;Le type de fichier %s n&#039;est pas autoris\\u00e9&quot;,&quot;err_recaptcha_keys&quot;:&quot;Les cl\\u00e9s reCAPTCHA sont incorrectes&quot;}}'><\/div><\/form><div class=\"w-separator size_small\"><\/div><div class=\"wpb_text_column\"><div class=\"wpb_wrapper\"><p>*Champ obligatoire<\/p>\n<\/div><\/div><div class=\"w-separator size_small\"><\/div><\/div><\/div><\/div><\/div><\/div><\/div><\/div><\/div><\/div><\/section>\n","protected":false},"excerpt":{"rendered":"[vc_custom_heading text=\"Tell us\" font_container=\"tag:h2|text_align:left|color:%23111111\" use_theme_fonts=\"yes\"]Syst\u00e8me de d\u00e9nonciation des violations de la conformit\u00e9 OnlineDoctor AG s&#8217;engage en tant qu&#8217;entreprise \u00e0 respecter les lois en vigueur et les r\u00e8glements internes. Ce n&#8217;est qu&#8217;en respectant les r\u00e8gles, les normes et les lois que nous pouvons \u00e9viter de nuire \u00e0 notre entreprise et r\u00e9ussir durablement. Le respect des lois...","protected":false},"author":3,"featured_media":0,"parent":0,"menu_order":0,"comment_status":"closed","ping_status":"closed","template":"","meta":{"footnotes":""},"class_list":["post-11130","page","type-page","status-publish","hentry"],"_links":{"self":[{"href":"https:\/\/www.onlinedoctor.ch\/fr\/wp-json\/wp\/v2\/pages\/11130","targetHints":{"allow":["GET"]}}],"collection":[{"href":"https:\/\/www.onlinedoctor.ch\/fr\/wp-json\/wp\/v2\/pages"}],"about":[{"href":"https:\/\/www.onlinedoctor.ch\/fr\/wp-json\/wp\/v2\/types\/page"}],"author":[{"embeddable":true,"href":"https:\/\/www.onlinedoctor.ch\/fr\/wp-json\/wp\/v2\/users\/3"}],"replies":[{"embeddable":true,"href":"https:\/\/www.onlinedoctor.ch\/fr\/wp-json\/wp\/v2\/comments?post=11130"}],"version-history":[{"count":12,"href":"https:\/\/www.onlinedoctor.ch\/fr\/wp-json\/wp\/v2\/pages\/11130\/revisions"}],"predecessor-version":[{"id":17035,"href":"https:\/\/www.onlinedoctor.ch\/fr\/wp-json\/wp\/v2\/pages\/11130\/revisions\/17035"}],"wp:attachment":[{"href":"https:\/\/www.onlinedoctor.ch\/fr\/wp-json\/wp\/v2\/media?parent=11130"}],"curies":[{"name":"wp","href":"https:\/\/api.w.org\/{rel}","templated":true}]}}